{"id":121,"date":"2023-06-19T13:45:11","date_gmt":"2023-06-19T16:45:11","guid":{"rendered":"https:\/\/fundicaoherculano.com.br\/?page_id=121"},"modified":"2023-07-10T10:59:35","modified_gmt":"2023-07-10T13:59:35","slug":"experiencia-e-qualidade","status":"publish","type":"page","link":"https:\/\/fundicaoherculano.com.br\/","title":{"rendered":"Sobre N\u00f3s"},"content":{"rendered":"\t\t<div data-elementor-type=\"wp-page\" data-elementor-id=\"121\" class=\"elementor elementor-121\">\n\t\t\t\t\t\t\t<div class=\"elementor-element elementor-element-ba5c914 e-flex e-con-boxed e-con\" data-id=\"ba5c914\" data-element_type=\"container\" data-settings=\"{&quot;background_background&quot;:&quot;classic&quot;,&quot;content_width&quot;:&quot;boxed&quot;}\">\n\t\t\t\t\t<div class=\"e-con-inner\">\n\t\t<div class=\"elementor-element elementor-element-8a6b3c9 e-flex e-con-boxed e-con\" data-id=\"8a6b3c9\" data-element_type=\"container\" data-settings=\"{&quot;content_width&quot;:&quot;boxed&quot;}\">\n\t\t\t\t\t<div class=\"e-con-inner\">\n\t\t\t\t<div class=\"elementor-element elementor-element-8eee1ab elementor-pagination-position-inside elementor-arrows-position-inside elementor-widget elementor-widget-image-carousel\" data-id=\"8eee1ab\" data-element_type=\"widget\" data-settings=\"{&quot;slides_to_show&quot;:&quot;1&quot;,&quot;navigation&quot;:&quot;both&quot;,&quot;autoplay&quot;:&quot;yes&quot;,&quot;pause_on_hover&quot;:&quot;yes&quot;,&quot;pause_on_interaction&quot;:&quot;yes&quot;,&quot;autoplay_speed&quot;:5000,&quot;infinite&quot;:&quot;yes&quot;,&quot;effect&quot;:&quot;slide&quot;,&quot;speed&quot;:500}\" data-widget_type=\"image-carousel.default\">\n\t\t\t\t<div class=\"elementor-widget-container\">\n\t\t\t<style>\/*! elementor - v3.14.0 - 26-06-2023 *\/\n.elementor-widget-image-carousel .swiper,.elementor-widget-image-carousel .swiper-container{position:static}.elementor-widget-image-carousel .swiper-container .swiper-slide figure,.elementor-widget-image-carousel .swiper .swiper-slide figure{line-height:inherit}.elementor-widget-image-carousel .swiper-slide{text-align:center}.elementor-image-carousel-wrapper:not(.swiper-container-initialized):not(.swiper-initialized) .swiper-slide{max-width:calc(100% \/ var(--e-image-carousel-slides-to-show, 3))}<\/style>\t\t<div class=\"elementor-image-carousel-wrapper swiper\" dir=\"ltr\">\n\t\t\t<div class=\"elementor-image-carousel swiper-wrapper\" aria-live=\"off\">\n\t\t\t\t\t\t\t\t<div class=\"swiper-slide\" role=\"group\" aria-roledescription=\"slide\" aria-label=\"1 of 5\"><figure class=\"swiper-slide-inner\"><img decoding=\"async\" class=\"swiper-slide-image\" src=\"https:\/\/fundicaoherculano.com.br\/wp-content\/uploads\/2023\/07\/fundiassad.png\" alt=\"fundiassad\" \/><\/figure><\/div><div class=\"swiper-slide\" role=\"group\" aria-roledescription=\"slide\" aria-label=\"2 of 5\"><figure class=\"swiper-slide-inner\"><img decoding=\"async\" class=\"swiper-slide-image\" src=\"https:\/\/fundicaoherculano.com.br\/wp-content\/uploads\/2023\/07\/2-1.png\" alt=\"2\" \/><\/figure><\/div><div class=\"swiper-slide\" role=\"group\" aria-roledescription=\"slide\" aria-label=\"3 of 5\"><figure class=\"swiper-slide-inner\"><img decoding=\"async\" class=\"swiper-slide-image\" src=\"https:\/\/fundicaoherculano.com.br\/wp-content\/uploads\/2023\/07\/3-1.jpg\" alt=\"3\" \/><\/figure><\/div><div class=\"swiper-slide\" role=\"group\" aria-roledescription=\"slide\" aria-label=\"4 of 5\"><figure class=\"swiper-slide-inner\"><img decoding=\"async\" class=\"swiper-slide-image\" src=\"https:\/\/fundicaoherculano.com.br\/wp-content\/uploads\/2023\/06\/4.png\" alt=\"4\" \/><\/figure><\/div><div class=\"swiper-slide\" role=\"group\" aria-roledescription=\"slide\" aria-label=\"5 of 5\"><figure class=\"swiper-slide-inner\"><img decoding=\"async\" class=\"swiper-slide-image\" src=\"https:\/\/fundicaoherculano.com.br\/wp-content\/uploads\/2023\/07\/6-3.png\" alt=\"6\" \/><\/figure><\/div>\t\t\t<\/div>\n\t\t\t\t\t\t\t\t\t\t\t\t<div class=\"elementor-swiper-button elementor-swiper-button-prev\" role=\"button\" tabindex=\"0\">\n\t\t\t\t\t\t<i aria-hidden=\"true\" class=\"eicon-chevron-left\"><\/i>\t\t\t\t\t<\/div>\n\t\t\t\t\t<div class=\"elementor-swiper-button elementor-swiper-button-next\" role=\"button\" tabindex=\"0\">\n\t\t\t\t\t\t<i aria-hidden=\"true\" class=\"eicon-chevron-right\"><\/i>\t\t\t\t\t<\/div>\n\t\t\t\t\n\t\t\t\t\t\t\t\t\t<div class=\"swiper-pagination\"><\/div>\n\t\t\t\t\t\t\t\t\t<\/div>\n\t\t\t\t<\/div>\n\t\t\t\t<\/div>\n\t\t\t\t\t<\/div>\n\t\t\t\t<\/div>\n\t\t\t\t\t<\/div>\n\t\t\t\t<\/div>\n\t\t<div class=\"elementor-element elementor-element-9c2d6c5 e-flex e-con-boxed e-con\" data-id=\"9c2d6c5\" data-element_type=\"container\" data-settings=\"{&quot;background_background&quot;:&quot;classic&quot;,&quot;content_width&quot;:&quot;boxed&quot;}\">\n\t\t\t\t\t<div class=\"e-con-inner\">\n\t\t<div class=\"elementor-element elementor-element-e6f6772 e-con-full e-flex elementor-invisible e-con\" data-id=\"e6f6772\" data-element_type=\"container\" data-settings=\"{&quot;content_width&quot;:&quot;full&quot;,&quot;animation&quot;:&quot;fadeInUp&quot;}\">\n\t\t\t\t<div class=\"elementor-element elementor-element-494f347 elementor-invisible elementor-widget elementor-widget-text-editor\" data-id=\"494f347\" data-element_type=\"widget\" data-settings=\"{&quot;_animation&quot;:&quot;fadeInUp&quot;}\" data-widget_type=\"text-editor.default\">\n\t\t\t\t<div class=\"elementor-widget-container\">\n\t\t\t<style>\/*! elementor - v3.14.0 - 26-06-2023 *\/\n.elementor-widget-text-editor.elementor-drop-cap-view-stacked .elementor-drop-cap{background-color:#69727d;color:#fff}.elementor-widget-text-editor.elementor-drop-cap-view-framed .elementor-drop-cap{color:#69727d;border:3px solid;background-color:transparent}.elementor-widget-text-editor:not(.elementor-drop-cap-view-default) .elementor-drop-cap{margin-top:8px}.elementor-widget-text-editor:not(.elementor-drop-cap-view-default) .elementor-drop-cap-letter{width:1em;height:1em}.elementor-widget-text-editor .elementor-drop-cap{float:left;text-align:center;line-height:1;font-size:50px}.elementor-widget-text-editor .elementor-drop-cap-letter{display:inline-block}<\/style>\t\t\t\t<p><strong>SOBRE N\u00d3S<\/strong><\/p>\t\t\t\t\t\t<\/div>\n\t\t\t\t<\/div>\n\t\t\t\t<div class=\"elementor-element elementor-element-88ab036 elementor-invisible elementor-widget elementor-widget-text-editor\" data-id=\"88ab036\" data-element_type=\"widget\" data-settings=\"{&quot;_animation&quot;:&quot;fadeInUp&quot;}\" data-widget_type=\"text-editor.default\">\n\t\t\t\t<div class=\"elementor-widget-container\">\n\t\t\t\t\t\t\t<p>\u00a0 \u00a0 Situada na cidade de ARARAS\/SP, situada no principal eixo entre SP e Campinas. <br \/>\u00a0 \u00a0 H\u00e1 mais de 30 anos no segmento de Fundi\u00e7\u00e3o de ferro fundido ferrosos e n\u00e3o ferrosos, contando com a mais alta experi\u00eancia em diversos segmentos como Agro, Maquinas em geral, Bombas, Valvulas, Ferrovi\u00e1rio, Multinacionais Alem\u00e3s fabricantes de maquinas e entre outros. A empresa conta com diversos profissionais capacitados para atuar com pe\u00e7as de gramas at\u00e9 2 Toneladas bruta (veja nossas fotos).<br \/>\u00a0 \u00a0 Contamos hoje com uma equipe enxuta, eficaz e eficiente para uma capacidade de at\u00e9 120Toneladas\/m\u00eas. Nossos colaboradores s\u00e3o bem treinados e requisitados pelo mercado, contando com a nossa cultura empresarial \u00fanica e principalmente experi\u00eancia em diversos desenvolvimento de projetos. <br \/>\u00a0 \u00a0 Somos uma empresa que sempre busca a auto sustentabilidade.<\/p>\t\t\t\t\t\t<\/div>\n\t\t\t\t<\/div>\n\t\t\t\t<\/div>\n\t\t<div class=\"elementor-element elementor-element-62bc1f2 e-con-full e-flex e-con\" data-id=\"62bc1f2\" data-element_type=\"container\" data-settings=\"{&quot;content_width&quot;:&quot;full&quot;}\">\n\t\t\t\t<div class=\"elementor-element elementor-element-3b4c388 elementor-widget elementor-widget-image\" data-id=\"3b4c388\" data-element_type=\"widget\" data-widget_type=\"image.default\">\n\t\t\t\t<div class=\"elementor-widget-container\">\n\t\t\t<style>\/*! elementor - v3.14.0 - 26-06-2023 *\/\n.elementor-widget-image{text-align:center}.elementor-widget-image a{display:inline-block}.elementor-widget-image a img[src$=\".svg\"]{width:48px}.elementor-widget-image img{vertical-align:middle;display:inline-block}<\/style>\t\t\t\t\t\t\t\t\t\t\t\t<img decoding=\"async\" src=\"https:\/\/fundicaoherculano.com.br\/wp-content\/uploads\/2023\/07\/estez-1.png\" title=\"estez\" alt=\"estez\" loading=\"lazy\" \/>\t\t\t\t\t\t\t\t\t\t\t\t\t\t\t<\/div>\n\t\t\t\t<\/div>\n\t\t\t\t<\/div>\n\t\t\t\t\t<\/div>\n\t\t\t\t<\/div>\n\t\t\t\t\t\t\t<\/div>\n\t\t","protected":false},"excerpt":{"rendered":"<p>SOBRE N\u00d3S \u00a0 \u00a0 Situada na cidade de ARARAS\/SP, situada no principal eixo entre SP e Campinas. \u00a0 \u00a0 H\u00e1 mais de 30 anos no segmento de Fundi\u00e7\u00e3o de ferro fundido ferrosos e n\u00e3o ferrosos, contando com a mais alta experi\u00eancia em diversos segmentos como Agro, Maquinas em geral, Bombas, Valvulas, Ferrovi\u00e1rio, Multinacionais Alem\u00e3s fabricantes [&hellip;]<\/p>\n","protected":false},"author":1,"featured_media":107,"parent":0,"menu_order":0,"comment_status":"closed","ping_status":"closed","template":"","meta":[],"yoast_head":"<!-- This site is optimized with the Yoast SEO plugin v20.10 - https:\/\/yoast.com\/wordpress\/plugins\/seo\/ -->\n<title>Sobre N\u00f3s - Fundi\u00e7\u00e3o Herculano<\/title>\n<meta name=\"description\" content=\"A Fundi\u00e7\u00e3o Herculano combina tradi\u00e7\u00e3o e inova\u00e7\u00e3o para criar obras de arte de ferro com qualidade e resist\u00eancia.\" \/>\n<meta name=\"robots\" content=\"index, follow, max-snippet:-1, max-image-preview:large, max-video-preview:-1\" \/>\n<link rel=\"canonical\" href=\"https:\/\/fundicaoherculano.com.br\/\" \/>\n<meta property=\"og:locale\" content=\"en_US\" \/>\n<meta property=\"og:type\" content=\"article\" \/>\n<meta property=\"og:title\" content=\"Sobre N\u00f3s - Fundi\u00e7\u00e3o Herculano\" \/>\n<meta property=\"og:description\" content=\"A Fundi\u00e7\u00e3o Herculano combina tradi\u00e7\u00e3o e inova\u00e7\u00e3o para criar obras de arte de ferro com qualidade e resist\u00eancia.\" \/>\n<meta property=\"og:url\" content=\"https:\/\/fundicaoherculano.com.br\/\" \/>\n<meta property=\"og:site_name\" content=\"Fundi\u00e7\u00e3o Herculano\" \/>\n<meta property=\"article:modified_time\" content=\"2023-07-10T13:59:35+00:00\" \/>\n<meta property=\"og:image\" content=\"https:\/\/fundicaoherculano.com.br\/wp-content\/uploads\/2023\/06\/Captura-de-tela-2023-06-18-201206.png\" \/>\n\t<meta property=\"og:image:width\" content=\"782\" \/>\n\t<meta property=\"og:image:height\" content=\"373\" \/>\n\t<meta property=\"og:image:type\" content=\"image\/png\" \/>\n<meta name=\"twitter:card\" content=\"summary_large_image\" \/>\n<meta name=\"twitter:label1\" content=\"Est. reading time\" \/>\n\t<meta name=\"twitter:data1\" content=\"3 minutes\" \/>\n<script type=\"application\/ld+json\" class=\"yoast-schema-graph\">{\"@context\":\"https:\/\/schema.org\",\"@graph\":[{\"@type\":\"WebPage\",\"@id\":\"https:\/\/fundicaoherculano.com.br\/\",\"url\":\"https:\/\/fundicaoherculano.com.br\/\",\"name\":\"Sobre N\u00f3s - Fundi\u00e7\u00e3o Herculano\",\"isPartOf\":{\"@id\":\"https:\/\/fundicaoherculano.com.br\/#website\"},\"datePublished\":\"2023-06-19T16:45:11+00:00\",\"dateModified\":\"2023-07-10T13:59:35+00:00\",\"description\":\"A Fundi\u00e7\u00e3o Herculano combina tradi\u00e7\u00e3o e inova\u00e7\u00e3o para criar obras de arte de ferro com qualidade e resist\u00eancia.\",\"breadcrumb\":{\"@id\":\"https:\/\/fundicaoherculano.com.br\/#breadcrumb\"},\"inLanguage\":\"en-US\",\"potentialAction\":[{\"@type\":\"ReadAction\",\"target\":[\"https:\/\/fundicaoherculano.com.br\/\"]}]},{\"@type\":\"BreadcrumbList\",\"@id\":\"https:\/\/fundicaoherculano.com.br\/#breadcrumb\",\"itemListElement\":[{\"@type\":\"ListItem\",\"position\":1,\"name\":\"In\u00edcio\",\"item\":\"https:\/\/fundicaoherculano.com.br\/\"},{\"@type\":\"ListItem\",\"position\":2,\"name\":\"Sobre N\u00f3s\"}]},{\"@type\":\"WebSite\",\"@id\":\"https:\/\/fundicaoherculano.com.br\/#website\",\"url\":\"https:\/\/fundicaoherculano.com.br\/\",\"name\":\"Fundi\u00e7\u00e3o Herculano\",\"description\":\"\",\"publisher\":{\"@id\":\"https:\/\/fundicaoherculano.com.br\/#organization\"},\"potentialAction\":[{\"@type\":\"SearchAction\",\"target\":{\"@type\":\"EntryPoint\",\"urlTemplate\":\"https:\/\/fundicaoherculano.com.br\/?s={search_term_string}\"},\"query-input\":\"required name=search_term_string\"}],\"inLanguage\":\"en-US\"},{\"@type\":\"Organization\",\"@id\":\"https:\/\/fundicaoherculano.com.br\/#organization\",\"name\":\"Fundi\u00e7\u00e3o Herculano\",\"url\":\"https:\/\/fundicaoherculano.com.br\/\",\"logo\":{\"@type\":\"ImageObject\",\"inLanguage\":\"en-US\",\"@id\":\"https:\/\/fundicaoherculano.com.br\/#\/schema\/logo\/image\/\",\"url\":\"https:\/\/fundicaoherculano.com.br\/wp-content\/uploads\/2023\/06\/cropped-Captura-de-tela-2023-06-18-182745-1.png\",\"contentUrl\":\"https:\/\/fundicaoherculano.com.br\/wp-content\/uploads\/2023\/06\/cropped-Captura-de-tela-2023-06-18-182745-1.png\",\"width\":1187,\"height\":528,\"caption\":\"Fundi\u00e7\u00e3o Herculano\"},\"image\":{\"@id\":\"https:\/\/fundicaoherculano.com.br\/#\/schema\/logo\/image\/\"}}]}<\/script>\n<!-- \/ Yoast SEO plugin. -->","yoast_head_json":{"title":"Sobre N\u00f3s - Fundi\u00e7\u00e3o Herculano","description":"A Fundi\u00e7\u00e3o Herculano combina tradi\u00e7\u00e3o e inova\u00e7\u00e3o para criar obras de arte de ferro com qualidade e resist\u00eancia.","robots":{"index":"index","follow":"follow","max-snippet":"max-snippet:-1","max-image-preview":"max-image-preview:large","max-video-preview":"max-video-preview:-1"},"canonical":"https:\/\/fundicaoherculano.com.br\/","og_locale":"en_US","og_type":"article","og_title":"Sobre N\u00f3s - Fundi\u00e7\u00e3o Herculano","og_description":"A Fundi\u00e7\u00e3o Herculano combina tradi\u00e7\u00e3o e inova\u00e7\u00e3o para criar obras de arte de ferro com qualidade e resist\u00eancia.","og_url":"https:\/\/fundicaoherculano.com.br\/","og_site_name":"Fundi\u00e7\u00e3o Herculano","article_modified_time":"2023-07-10T13:59:35+00:00","og_image":[{"width":782,"height":373,"url":"https:\/\/fundicaoherculano.com.br\/wp-content\/uploads\/2023\/06\/Captura-de-tela-2023-06-18-201206.png","type":"image\/png"}],"twitter_card":"summary_large_image","twitter_misc":{"Est. reading time":"3 minutes"},"schema":{"@context":"https:\/\/schema.org","@graph":[{"@type":"WebPage","@id":"https:\/\/fundicaoherculano.com.br\/","url":"https:\/\/fundicaoherculano.com.br\/","name":"Sobre N\u00f3s - Fundi\u00e7\u00e3o Herculano","isPartOf":{"@id":"https:\/\/fundicaoherculano.com.br\/#website"},"datePublished":"2023-06-19T16:45:11+00:00","dateModified":"2023-07-10T13:59:35+00:00","description":"A Fundi\u00e7\u00e3o Herculano combina tradi\u00e7\u00e3o e inova\u00e7\u00e3o para criar obras de arte de ferro com qualidade e resist\u00eancia.","breadcrumb":{"@id":"https:\/\/fundicaoherculano.com.br\/#breadcrumb"},"inLanguage":"en-US","potentialAction":[{"@type":"ReadAction","target":["https:\/\/fundicaoherculano.com.br\/"]}]},{"@type":"BreadcrumbList","@id":"https:\/\/fundicaoherculano.com.br\/#breadcrumb","itemListElement":[{"@type":"ListItem","position":1,"name":"In\u00edcio","item":"https:\/\/fundicaoherculano.com.br\/"},{"@type":"ListItem","position":2,"name":"Sobre N\u00f3s"}]},{"@type":"WebSite","@id":"https:\/\/fundicaoherculano.com.br\/#website","url":"https:\/\/fundicaoherculano.com.br\/","name":"Fundi\u00e7\u00e3o Herculano","description":"","publisher":{"@id":"https:\/\/fundicaoherculano.com.br\/#organization"},"potentialAction":[{"@type":"SearchAction","target":{"@type":"EntryPoint","urlTemplate":"https:\/\/fundicaoherculano.com.br\/?s={search_term_string}"},"query-input":"required name=search_term_string"}],"inLanguage":"en-US"},{"@type":"Organization","@id":"https:\/\/fundicaoherculano.com.br\/#organization","name":"Fundi\u00e7\u00e3o Herculano","url":"https:\/\/fundicaoherculano.com.br\/","logo":{"@type":"ImageObject","inLanguage":"en-US","@id":"https:\/\/fundicaoherculano.com.br\/#\/schema\/logo\/image\/","url":"https:\/\/fundicaoherculano.com.br\/wp-content\/uploads\/2023\/06\/cropped-Captura-de-tela-2023-06-18-182745-1.png","contentUrl":"https:\/\/fundicaoherculano.com.br\/wp-content\/uploads\/2023\/06\/cropped-Captura-de-tela-2023-06-18-182745-1.png","width":1187,"height":528,"caption":"Fundi\u00e7\u00e3o Herculano"},"image":{"@id":"https:\/\/fundicaoherculano.com.br\/#\/schema\/logo\/image\/"}}]}},"_links":{"self":[{"href":"https:\/\/fundicaoherculano.com.br\/index.php\/wp-json\/wp\/v2\/pages\/121"}],"collection":[{"href":"https:\/\/fundicaoherculano.com.br\/index.php\/wp-json\/wp\/v2\/pages"}],"about":[{"href":"https:\/\/fundicaoherculano.com.br\/index.php\/wp-json\/wp\/v2\/types\/page"}],"author":[{"embeddable":true,"href":"https:\/\/fundicaoherculano.com.br\/index.php\/wp-json\/wp\/v2\/users\/1"}],"replies":[{"embeddable":true,"href":"https:\/\/fundicaoherculano.com.br\/index.php\/wp-json\/wp\/v2\/comments?post=121"}],"version-history":[{"count":189,"href":"https:\/\/fundicaoherculano.com.br\/index.php\/wp-json\/wp\/v2\/pages\/121\/revisions"}],"predecessor-version":[{"id":1266,"href":"https:\/\/fundicaoherculano.com.br\/index.php\/wp-json\/wp\/v2\/pages\/121\/revisions\/1266"}],"wp:featuredmedia":[{"embeddable":true,"href":"https:\/\/fundicaoherculano.com.br\/index.php\/wp-json\/wp\/v2\/media\/107"}],"wp:attachment":[{"href":"https:\/\/fundicaoherculano.com.br\/index.php\/wp-json\/wp\/v2\/media?parent=121"}],"curies":[{"name":"wp","href":"https:\/\/api.w.org\/{rel}","templated":true}]}}