{"id":435,"date":"2023-06-30T10:45:44","date_gmt":"2023-06-30T13:45:44","guid":{"rendered":"https:\/\/fundicaoherculano.com.br\/?page_id=435"},"modified":"2023-07-05T17:33:45","modified_gmt":"2023-07-05T20:33:45","slug":"localizacao","status":"publish","type":"page","link":"https:\/\/fundicaoherculano.com.br\/index.php\/localizacao\/","title":{"rendered":"Localiza\u00e7\u00e3o"},"content":{"rendered":"\t\t<div data-elementor-type=\"wp-page\" data-elementor-id=\"435\" class=\"elementor elementor-435\">\n\t\t\t\t\t\t\t<div class=\"elementor-element elementor-element-729f54e e-flex e-con-boxed e-con\" data-id=\"729f54e\" data-element_type=\"container\" data-settings=\"{&quot;content_width&quot;:&quot;boxed&quot;}\">\n\t\t\t\t\t<div class=\"e-con-inner\">\n\t\t\t\t<div class=\"elementor-element elementor-element-ae49e11 elementor-widget elementor-widget-text-editor\" data-id=\"ae49e11\" data-element_type=\"widget\" data-widget_type=\"text-editor.default\">\n\t\t\t\t<div class=\"elementor-widget-container\">\n\t\t\t<style>\/*! elementor - v3.14.0 - 26-06-2023 *\/\n.elementor-widget-text-editor.elementor-drop-cap-view-stacked .elementor-drop-cap{background-color:#69727d;color:#fff}.elementor-widget-text-editor.elementor-drop-cap-view-framed .elementor-drop-cap{color:#69727d;border:3px solid;background-color:transparent}.elementor-widget-text-editor:not(.elementor-drop-cap-view-default) .elementor-drop-cap{margin-top:8px}.elementor-widget-text-editor:not(.elementor-drop-cap-view-default) .elementor-drop-cap-letter{width:1em;height:1em}.elementor-widget-text-editor .elementor-drop-cap{float:left;text-align:center;line-height:1;font-size:50px}.elementor-widget-text-editor .elementor-drop-cap-letter{display:inline-block}<\/style>\t\t\t\t<p>Situada da cidade de Araras\/SP principal eixo entre S\u00e3o Paulo e Ribeiro Preto<\/p>\t\t\t\t\t\t<\/div>\n\t\t\t\t<\/div>\n\t\t\t\t<div class=\"elementor-element elementor-element-0b65718 elementor-absolute elementor-widget-divider--view-line elementor-widget elementor-widget-divider\" data-id=\"0b65718\" data-element_type=\"widget\" data-settings=\"{&quot;_position&quot;:&quot;absolute&quot;}\" data-widget_type=\"divider.default\">\n\t\t\t\t<div class=\"elementor-widget-container\">\n\t\t\t<style>\/*! elementor - v3.14.0 - 26-06-2023 *\/\n.elementor-widget-divider{--divider-border-style:none;--divider-border-width:1px;--divider-color:#0c0d0e;--divider-icon-size:20px;--divider-element-spacing:10px;--divider-pattern-height:24px;--divider-pattern-size:20px;--divider-pattern-url:none;--divider-pattern-repeat:repeat-x}.elementor-widget-divider .elementor-divider{display:flex}.elementor-widget-divider .elementor-divider__text{font-size:15px;line-height:1;max-width:95%}.elementor-widget-divider .elementor-divider__element{margin:0 var(--divider-element-spacing);flex-shrink:0}.elementor-widget-divider .elementor-icon{font-size:var(--divider-icon-size)}.elementor-widget-divider .elementor-divider-separator{display:flex;margin:0;direction:ltr}.elementor-widget-divider--view-line_icon .elementor-divider-separator,.elementor-widget-divider--view-line_text .elementor-divider-separator{align-items:center}.elementor-widget-divider--view-line_icon .elementor-divider-separator:after,.elementor-widget-divider--view-line_icon .elementor-divider-separator:before,.elementor-widget-divider--view-line_text .elementor-divider-separator:after,.elementor-widget-divider--view-line_text .elementor-divider-separator:before{display:block;content:\"\";border-bottom:0;flex-grow:1;border-top:var(--divider-border-width) var(--divider-border-style) var(--divider-color)}.elementor-widget-divider--element-align-left .elementor-divider .elementor-divider-separator>.elementor-divider__svg:first-of-type{flex-grow:0;flex-shrink:100}.elementor-widget-divider--element-align-left .elementor-divider-separator:before{content:none}.elementor-widget-divider--element-align-left .elementor-divider__element{margin-left:0}.elementor-widget-divider--element-align-right .elementor-divider .elementor-divider-separator>.elementor-divider__svg:last-of-type{flex-grow:0;flex-shrink:100}.elementor-widget-divider--element-align-right .elementor-divider-separator:after{content:none}.elementor-widget-divider--element-align-right .elementor-divider__element{margin-right:0}.elementor-widget-divider:not(.elementor-widget-divider--view-line_text):not(.elementor-widget-divider--view-line_icon) .elementor-divider-separator{border-top:var(--divider-border-width) var(--divider-border-style) var(--divider-color)}.elementor-widget-divider--separator-type-pattern{--divider-border-style:none}.elementor-widget-divider--separator-type-pattern.elementor-widget-divider--view-line .elementor-divider-separator,.elementor-widget-divider--separator-type-pattern:not(.elementor-widget-divider--view-line) .elementor-divider-separator:after,.elementor-widget-divider--separator-type-pattern:not(.elementor-widget-divider--view-line) .elementor-divider-separator:before,.elementor-widget-divider--separator-type-pattern:not([class*=elementor-widget-divider--view]) .elementor-divider-separator{width:100%;min-height:var(--divider-pattern-height);-webkit-mask-size:var(--divider-pattern-size) 100%;mask-size:var(--divider-pattern-size) 100%;-webkit-mask-repeat:var(--divider-pattern-repeat);mask-repeat:var(--divider-pattern-repeat);background-color:var(--divider-color);-webkit-mask-image:var(--divider-pattern-url);mask-image:var(--divider-pattern-url)}.elementor-widget-divider--no-spacing{--divider-pattern-size:auto}.elementor-widget-divider--bg-round{--divider-pattern-repeat:round}.rtl .elementor-widget-divider .elementor-divider__text{direction:rtl}.e-con-inner>.elementor-widget-divider,.e-con>.elementor-widget-divider{width:var(--container-widget-width,100%);--flex-grow:var(--container-widget-flex-grow)}<\/style>\t\t<div class=\"elementor-divider\">\n\t\t\t<span class=\"elementor-divider-separator\">\n\t\t\t\t\t\t<\/span>\n\t\t<\/div>\n\t\t\t\t<\/div>\n\t\t\t\t<\/div>\n\t\t\t\t\t<\/div>\n\t\t\t\t<\/div>\n\t\t<div class=\"elementor-element elementor-element-85522c0 e-flex e-con-boxed e-con\" data-id=\"85522c0\" data-element_type=\"container\" data-settings=\"{&quot;content_width&quot;:&quot;boxed&quot;}\">\n\t\t\t\t\t<div class=\"e-con-inner\">\n\t\t\t\t<div class=\"elementor-element elementor-element-1473fc7 elementor-widget elementor-widget-google_maps\" data-id=\"1473fc7\" data-element_type=\"widget\" data-widget_type=\"google_maps.default\">\n\t\t\t\t<div class=\"elementor-widget-container\">\n\t\t\t<style>\/*! elementor - v3.14.0 - 26-06-2023 *\/\n.elementor-widget-google_maps .elementor-widget-container{overflow:hidden}.elementor-widget-google_maps .elementor-custom-embed{line-height:0}.elementor-widget-google_maps iframe{height:300px}<\/style>\t\t<div class=\"elementor-custom-embed\">\n\t\t\t<iframe loading=\"lazy\"\n\t\t\t\t\tsrc=\"https:\/\/maps.google.com\/maps?q=fundi%C3%A7%C3%A3o%20herculano&#038;t=m&#038;z=16&#038;output=embed&#038;iwloc=near\"\n\t\t\t\t\ttitle=\"fundi\u00e7\u00e3o herculano\"\n\t\t\t\t\taria-label=\"fundi\u00e7\u00e3o herculano\"\n\t\t\t><\/iframe>\n\t\t<\/div>\n\t\t\t\t<\/div>\n\t\t\t\t<\/div>\n\t\t\t\t\t<\/div>\n\t\t\t\t<\/div>\n\t\t\t\t\t\t\t<\/div>\n\t\t","protected":false},"excerpt":{"rendered":"<p>Situada da cidade de Araras\/SP principal eixo entre S\u00e3o Paulo e Ribeiro Preto<\/p>\n","protected":false},"author":1,"featured_media":0,"parent":0,"menu_order":0,"comment_status":"closed","ping_status":"closed","template":"","meta":[],"yoast_head":"<!-- This site is optimized with the Yoast SEO plugin v20.10 - https:\/\/yoast.com\/wordpress\/plugins\/seo\/ -->\n<title>Localiza\u00e7\u00e3o - Fundi\u00e7\u00e3o Herculano<\/title>\n<meta name=\"robots\" content=\"index, follow, max-snippet:-1, max-image-preview:large, max-video-preview:-1\" \/>\n<link rel=\"canonical\" href=\"https:\/\/fundicaoherculano.com.br\/index.php\/localizacao\/\" \/>\n<meta property=\"og:locale\" content=\"en_US\" \/>\n<meta property=\"og:type\" content=\"article\" \/>\n<meta property=\"og:title\" content=\"Localiza\u00e7\u00e3o - Fundi\u00e7\u00e3o Herculano\" \/>\n<meta property=\"og:description\" content=\"Situada da cidade de Araras\/SP principal eixo entre S\u00e3o Paulo e Ribeiro Preto\" \/>\n<meta property=\"og:url\" content=\"https:\/\/fundicaoherculano.com.br\/index.php\/localizacao\/\" \/>\n<meta property=\"og:site_name\" content=\"Fundi\u00e7\u00e3o Herculano\" \/>\n<meta property=\"article:modified_time\" content=\"2023-07-05T20:33:45+00:00\" \/>\n<meta name=\"twitter:card\" content=\"summary_large_image\" \/>\n<meta name=\"twitter:label1\" content=\"Est. reading time\" \/>\n\t<meta name=\"twitter:data1\" content=\"1 minute\" \/>\n<script type=\"application\/ld+json\" class=\"yoast-schema-graph\">{\"@context\":\"https:\/\/schema.org\",\"@graph\":[{\"@type\":\"WebPage\",\"@id\":\"https:\/\/fundicaoherculano.com.br\/index.php\/localizacao\/\",\"url\":\"https:\/\/fundicaoherculano.com.br\/index.php\/localizacao\/\",\"name\":\"Localiza\u00e7\u00e3o - Fundi\u00e7\u00e3o Herculano\",\"isPartOf\":{\"@id\":\"https:\/\/fundicaoherculano.com.br\/#website\"},\"datePublished\":\"2023-06-30T13:45:44+00:00\",\"dateModified\":\"2023-07-05T20:33:45+00:00\",\"breadcrumb\":{\"@id\":\"https:\/\/fundicaoherculano.com.br\/index.php\/localizacao\/#breadcrumb\"},\"inLanguage\":\"en-US\",\"potentialAction\":[{\"@type\":\"ReadAction\",\"target\":[\"https:\/\/fundicaoherculano.com.br\/index.php\/localizacao\/\"]}]},{\"@type\":\"BreadcrumbList\",\"@id\":\"https:\/\/fundicaoherculano.com.br\/index.php\/localizacao\/#breadcrumb\",\"itemListElement\":[{\"@type\":\"ListItem\",\"position\":1,\"name\":\"In\u00edcio\",\"item\":\"https:\/\/fundicaoherculano.com.br\/\"},{\"@type\":\"ListItem\",\"position\":2,\"name\":\"Localiza\u00e7\u00e3o\"}]},{\"@type\":\"WebSite\",\"@id\":\"https:\/\/fundicaoherculano.com.br\/#website\",\"url\":\"https:\/\/fundicaoherculano.com.br\/\",\"name\":\"Fundi\u00e7\u00e3o Herculano\",\"description\":\"\",\"publisher\":{\"@id\":\"https:\/\/fundicaoherculano.com.br\/#organization\"},\"potentialAction\":[{\"@type\":\"SearchAction\",\"target\":{\"@type\":\"EntryPoint\",\"urlTemplate\":\"https:\/\/fundicaoherculano.com.br\/?s={search_term_string}\"},\"query-input\":\"required name=search_term_string\"}],\"inLanguage\":\"en-US\"},{\"@type\":\"Organization\",\"@id\":\"https:\/\/fundicaoherculano.com.br\/#organization\",\"name\":\"Fundi\u00e7\u00e3o Herculano\",\"url\":\"https:\/\/fundicaoherculano.com.br\/\",\"logo\":{\"@type\":\"ImageObject\",\"inLanguage\":\"en-US\",\"@id\":\"https:\/\/fundicaoherculano.com.br\/#\/schema\/logo\/image\/\",\"url\":\"https:\/\/fundicaoherculano.com.br\/wp-content\/uploads\/2023\/06\/cropped-Captura-de-tela-2023-06-18-182745-1.png\",\"contentUrl\":\"https:\/\/fundicaoherculano.com.br\/wp-content\/uploads\/2023\/06\/cropped-Captura-de-tela-2023-06-18-182745-1.png\",\"width\":1187,\"height\":528,\"caption\":\"Fundi\u00e7\u00e3o Herculano\"},\"image\":{\"@id\":\"https:\/\/fundicaoherculano.com.br\/#\/schema\/logo\/image\/\"}}]}<\/script>\n<!-- \/ Yoast SEO plugin. -->","yoast_head_json":{"title":"Localiza\u00e7\u00e3o - Fundi\u00e7\u00e3o Herculano","robots":{"index":"index","follow":"follow","max-snippet":"max-snippet:-1","max-image-preview":"max-image-preview:large","max-video-preview":"max-video-preview:-1"},"canonical":"https:\/\/fundicaoherculano.com.br\/index.php\/localizacao\/","og_locale":"en_US","og_type":"article","og_title":"Localiza\u00e7\u00e3o - Fundi\u00e7\u00e3o Herculano","og_description":"Situada da cidade de Araras\/SP principal eixo entre S\u00e3o Paulo e Ribeiro Preto","og_url":"https:\/\/fundicaoherculano.com.br\/index.php\/localizacao\/","og_site_name":"Fundi\u00e7\u00e3o Herculano","article_modified_time":"2023-07-05T20:33:45+00:00","twitter_card":"summary_large_image","twitter_misc":{"Est. reading time":"1 minute"},"schema":{"@context":"https:\/\/schema.org","@graph":[{"@type":"WebPage","@id":"https:\/\/fundicaoherculano.com.br\/index.php\/localizacao\/","url":"https:\/\/fundicaoherculano.com.br\/index.php\/localizacao\/","name":"Localiza\u00e7\u00e3o - Fundi\u00e7\u00e3o Herculano","isPartOf":{"@id":"https:\/\/fundicaoherculano.com.br\/#website"},"datePublished":"2023-06-30T13:45:44+00:00","dateModified":"2023-07-05T20:33:45+00:00","breadcrumb":{"@id":"https:\/\/fundicaoherculano.com.br\/index.php\/localizacao\/#breadcrumb"},"inLanguage":"en-US","potentialAction":[{"@type":"ReadAction","target":["https:\/\/fundicaoherculano.com.br\/index.php\/localizacao\/"]}]},{"@type":"BreadcrumbList","@id":"https:\/\/fundicaoherculano.com.br\/index.php\/localizacao\/#breadcrumb","itemListElement":[{"@type":"ListItem","position":1,"name":"In\u00edcio","item":"https:\/\/fundicaoherculano.com.br\/"},{"@type":"ListItem","position":2,"name":"Localiza\u00e7\u00e3o"}]},{"@type":"WebSite","@id":"https:\/\/fundicaoherculano.com.br\/#website","url":"https:\/\/fundicaoherculano.com.br\/","name":"Fundi\u00e7\u00e3o Herculano","description":"","publisher":{"@id":"https:\/\/fundicaoherculano.com.br\/#organization"},"potentialAction":[{"@type":"SearchAction","target":{"@type":"EntryPoint","urlTemplate":"https:\/\/fundicaoherculano.com.br\/?s={search_term_string}"},"query-input":"required name=search_term_string"}],"inLanguage":"en-US"},{"@type":"Organization","@id":"https:\/\/fundicaoherculano.com.br\/#organization","name":"Fundi\u00e7\u00e3o Herculano","url":"https:\/\/fundicaoherculano.com.br\/","logo":{"@type":"ImageObject","inLanguage":"en-US","@id":"https:\/\/fundicaoherculano.com.br\/#\/schema\/logo\/image\/","url":"https:\/\/fundicaoherculano.com.br\/wp-content\/uploads\/2023\/06\/cropped-Captura-de-tela-2023-06-18-182745-1.png","contentUrl":"https:\/\/fundicaoherculano.com.br\/wp-content\/uploads\/2023\/06\/cropped-Captura-de-tela-2023-06-18-182745-1.png","width":1187,"height":528,"caption":"Fundi\u00e7\u00e3o Herculano"},"image":{"@id":"https:\/\/fundicaoherculano.com.br\/#\/schema\/logo\/image\/"}}]}},"_links":{"self":[{"href":"https:\/\/fundicaoherculano.com.br\/index.php\/wp-json\/wp\/v2\/pages\/435"}],"collection":[{"href":"https:\/\/fundicaoherculano.com.br\/index.php\/wp-json\/wp\/v2\/pages"}],"about":[{"href":"https:\/\/fundicaoherculano.com.br\/index.php\/wp-json\/wp\/v2\/types\/page"}],"author":[{"embeddable":true,"href":"https:\/\/fundicaoherculano.com.br\/index.php\/wp-json\/wp\/v2\/users\/1"}],"replies":[{"embeddable":true,"href":"https:\/\/fundicaoherculano.com.br\/index.php\/wp-json\/wp\/v2\/comments?post=435"}],"version-history":[{"count":13,"href":"https:\/\/fundicaoherculano.com.br\/index.php\/wp-json\/wp\/v2\/pages\/435\/revisions"}],"predecessor-version":[{"id":1060,"href":"https:\/\/fundicaoherculano.com.br\/index.php\/wp-json\/wp\/v2\/pages\/435\/revisions\/1060"}],"wp:attachment":[{"href":"https:\/\/fundicaoherculano.com.br\/index.php\/wp-json\/wp\/v2\/media?parent=435"}],"curies":[{"name":"wp","href":"https:\/\/api.w.org\/{rel}","templated":true}]}}