{"id":593,"date":"2023-06-30T20:28:43","date_gmt":"2023-06-30T23:28:43","guid":{"rendered":"https:\/\/fundicaoherculano.com.br\/?page_id=593"},"modified":"2023-07-10T16:23:53","modified_gmt":"2023-07-10T19:23:53","slug":"nossos-produtos","status":"publish","type":"page","link":"https:\/\/fundicaoherculano.com.br\/index.php\/nossos-produtos\/","title":{"rendered":"Produtos"},"content":{"rendered":"\t\t<div data-elementor-type=\"wp-page\" data-elementor-id=\"593\" class=\"elementor elementor-593\">\n\t\t\t\t\t\t\t<div class=\"elementor-element elementor-element-07bb677 e-flex e-con-boxed e-con\" data-id=\"07bb677\" data-element_type=\"container\" data-settings=\"{&quot;content_width&quot;:&quot;boxed&quot;}\">\n\t\t\t\t\t<div class=\"e-con-inner\">\n\t\t\t\t<div class=\"elementor-element elementor-element-1735116 elementor-absolute elementor-widget-divider--view-line elementor-widget elementor-widget-divider\" data-id=\"1735116\" data-element_type=\"widget\" data-settings=\"{&quot;_position&quot;:&quot;absolute&quot;}\" data-widget_type=\"divider.default\">\n\t\t\t\t<div class=\"elementor-widget-container\">\n\t\t\t<style>\/*! elementor - v3.14.0 - 26-06-2023 *\/\n.elementor-widget-divider{--divider-border-style:none;--divider-border-width:1px;--divider-color:#0c0d0e;--divider-icon-size:20px;--divider-element-spacing:10px;--divider-pattern-height:24px;--divider-pattern-size:20px;--divider-pattern-url:none;--divider-pattern-repeat:repeat-x}.elementor-widget-divider .elementor-divider{display:flex}.elementor-widget-divider .elementor-divider__text{font-size:15px;line-height:1;max-width:95%}.elementor-widget-divider .elementor-divider__element{margin:0 var(--divider-element-spacing);flex-shrink:0}.elementor-widget-divider .elementor-icon{font-size:var(--divider-icon-size)}.elementor-widget-divider .elementor-divider-separator{display:flex;margin:0;direction:ltr}.elementor-widget-divider--view-line_icon .elementor-divider-separator,.elementor-widget-divider--view-line_text .elementor-divider-separator{align-items:center}.elementor-widget-divider--view-line_icon .elementor-divider-separator:after,.elementor-widget-divider--view-line_icon .elementor-divider-separator:before,.elementor-widget-divider--view-line_text .elementor-divider-separator:after,.elementor-widget-divider--view-line_text .elementor-divider-separator:before{display:block;content:\"\";border-bottom:0;flex-grow:1;border-top:var(--divider-border-width) var(--divider-border-style) var(--divider-color)}.elementor-widget-divider--element-align-left .elementor-divider .elementor-divider-separator>.elementor-divider__svg:first-of-type{flex-grow:0;flex-shrink:100}.elementor-widget-divider--element-align-left .elementor-divider-separator:before{content:none}.elementor-widget-divider--element-align-left .elementor-divider__element{margin-left:0}.elementor-widget-divider--element-align-right .elementor-divider .elementor-divider-separator>.elementor-divider__svg:last-of-type{flex-grow:0;flex-shrink:100}.elementor-widget-divider--element-align-right .elementor-divider-separator:after{content:none}.elementor-widget-divider--element-align-right .elementor-divider__element{margin-right:0}.elementor-widget-divider:not(.elementor-widget-divider--view-line_text):not(.elementor-widget-divider--view-line_icon) .elementor-divider-separator{border-top:var(--divider-border-width) var(--divider-border-style) var(--divider-color)}.elementor-widget-divider--separator-type-pattern{--divider-border-style:none}.elementor-widget-divider--separator-type-pattern.elementor-widget-divider--view-line .elementor-divider-separator,.elementor-widget-divider--separator-type-pattern:not(.elementor-widget-divider--view-line) .elementor-divider-separator:after,.elementor-widget-divider--separator-type-pattern:not(.elementor-widget-divider--view-line) .elementor-divider-separator:before,.elementor-widget-divider--separator-type-pattern:not([class*=elementor-widget-divider--view]) .elementor-divider-separator{width:100%;min-height:var(--divider-pattern-height);-webkit-mask-size:var(--divider-pattern-size) 100%;mask-size:var(--divider-pattern-size) 100%;-webkit-mask-repeat:var(--divider-pattern-repeat);mask-repeat:var(--divider-pattern-repeat);background-color:var(--divider-color);-webkit-mask-image:var(--divider-pattern-url);mask-image:var(--divider-pattern-url)}.elementor-widget-divider--no-spacing{--divider-pattern-size:auto}.elementor-widget-divider--bg-round{--divider-pattern-repeat:round}.rtl .elementor-widget-divider .elementor-divider__text{direction:rtl}.e-con-inner>.elementor-widget-divider,.e-con>.elementor-widget-divider{width:var(--container-widget-width,100%);--flex-grow:var(--container-widget-flex-grow)}<\/style>\t\t<div class=\"elementor-divider\">\n\t\t\t<span class=\"elementor-divider-separator\">\n\t\t\t\t\t\t<\/span>\n\t\t<\/div>\n\t\t\t\t<\/div>\n\t\t\t\t<\/div>\n\t\t<div class=\"elementor-element elementor-element-92a28d1 e-flex e-con-boxed e-con\" data-id=\"92a28d1\" data-element_type=\"container\" data-settings=\"{&quot;content_width&quot;:&quot;boxed&quot;}\">\n\t\t\t\t\t<div class=\"e-con-inner\">\n\t\t\t\t<div class=\"elementor-element elementor-element-349e04e elementor-widget elementor-widget-heading\" data-id=\"349e04e\" data-element_type=\"widget\" data-widget_type=\"heading.default\">\n\t\t\t\t<div class=\"elementor-widget-container\">\n\t\t\t<style>\/*! elementor - v3.14.0 - 26-06-2023 *\/\n.elementor-heading-title{padding:0;margin:0;line-height:1}.elementor-widget-heading .elementor-heading-title[class*=elementor-size-]>a{color:inherit;font-size:inherit;line-height:inherit}.elementor-widget-heading .elementor-heading-title.elementor-size-small{font-size:15px}.elementor-widget-heading .elementor-heading-title.elementor-size-medium{font-size:19px}.elementor-widget-heading .elementor-heading-title.elementor-size-large{font-size:29px}.elementor-widget-heading .elementor-heading-title.elementor-size-xl{font-size:39px}.elementor-widget-heading .elementor-heading-title.elementor-size-xxl{font-size:59px}<\/style><h2 class=\"elementor-heading-title elementor-size-default\">Nossos Servi\u00e7os:<\/h2>\t\t<\/div>\n\t\t\t\t<\/div>\n\t\t\t\t<div class=\"elementor-element elementor-element-e959029 elementor-widget elementor-widget-text-editor\" data-id=\"e959029\" data-element_type=\"widget\" data-widget_type=\"text-editor.default\">\n\t\t\t\t<div class=\"elementor-widget-container\">\n\t\t\t<style>\/*! elementor - v3.14.0 - 26-06-2023 *\/\n.elementor-widget-text-editor.elementor-drop-cap-view-stacked .elementor-drop-cap{background-color:#69727d;color:#fff}.elementor-widget-text-editor.elementor-drop-cap-view-framed .elementor-drop-cap{color:#69727d;border:3px solid;background-color:transparent}.elementor-widget-text-editor:not(.elementor-drop-cap-view-default) .elementor-drop-cap{margin-top:8px}.elementor-widget-text-editor:not(.elementor-drop-cap-view-default) .elementor-drop-cap-letter{width:1em;height:1em}.elementor-widget-text-editor .elementor-drop-cap{float:left;text-align:center;line-height:1;font-size:50px}.elementor-widget-text-editor .elementor-drop-cap-letter{display:inline-block}<\/style>\t\t\t\t<p>1. M\u00e1quinas para Caf\u00e9.<br \/>2. M\u00e1quinas para Gr\u00e3os.<br \/>3. M\u00e1quinas para Arames.<br \/>4. Usinas Destilarias.<\/p>\t\t\t\t\t\t<\/div>\n\t\t\t\t<\/div>\n\t\t\t\t\t<\/div>\n\t\t\t\t<\/div>\n\t\t\t\t\t<\/div>\n\t\t\t\t<\/div>\n\t\t<div class=\"elementor-element elementor-element-f68e9ea e-flex e-con-boxed e-con\" data-id=\"f68e9ea\" data-element_type=\"container\" data-settings=\"{&quot;content_width&quot;:&quot;boxed&quot;}\">\n\t\t\t\t\t<div class=\"e-con-inner\">\n\t\t<div class=\"elementor-element elementor-element-3d2ea03 e-con-full e-flex e-con\" data-id=\"3d2ea03\" data-element_type=\"container\" data-settings=\"{&quot;content_width&quot;:&quot;full&quot;}\">\n\t\t\t\t<div class=\"elementor-element elementor-element-c66b801 elementor-widget elementor-widget-image\" data-id=\"c66b801\" data-element_type=\"widget\" data-widget_type=\"image.default\">\n\t\t\t\t<div class=\"elementor-widget-container\">\n\t\t\t<style>\/*! elementor - v3.14.0 - 26-06-2023 *\/\n.elementor-widget-image{text-align:center}.elementor-widget-image a{display:inline-block}.elementor-widget-image a img[src$=\".svg\"]{width:48px}.elementor-widget-image img{vertical-align:middle;display:inline-block}<\/style>\t\t\t\t\t\t\t\t\t<figure class=\"wp-caption\">\n\t\t\t\t\t\t\t\t\t\t<img decoding=\"async\" width=\"564\" height=\"1014\" src=\"https:\/\/fundicaoherculano.com.br\/wp-content\/uploads\/2023\/07\/cs.jpg\" class=\"attachment-large size-large wp-image-1079\" alt=\"\" loading=\"lazy\" srcset=\"https:\/\/fundicaoherculano.com.br\/wp-content\/uploads\/2023\/07\/cs.jpg 564w, https:\/\/fundicaoherculano.com.br\/wp-content\/uploads\/2023\/07\/cs-167x300.jpg 167w\" sizes=\"(max-width: 564px) 100vw, 564px\" \/>\t\t\t\t\t\t\t\t\t\t\t<figcaption class=\"widget-image-caption wp-caption-text\">1. M\u00e1quinas para Caf\u00e9<\/figcaption>\n\t\t\t\t\t\t\t\t\t\t<\/figure>\n\t\t\t\t\t\t\t\t\t<\/div>\n\t\t\t\t<\/div>\n\t\t\t\t<\/div>\n\t\t<div class=\"elementor-element elementor-element-131399d e-con-full e-flex e-con\" data-id=\"131399d\" data-element_type=\"container\" data-settings=\"{&quot;content_width&quot;:&quot;full&quot;}\">\n\t\t\t\t<div class=\"elementor-element elementor-element-10d4c38 elementor-widget elementor-widget-image\" data-id=\"10d4c38\" data-element_type=\"widget\" data-widget_type=\"image.default\">\n\t\t\t\t<div class=\"elementor-widget-container\">\n\t\t\t\t\t\t\t\t\t\t\t\t<figure class=\"wp-caption\">\n\t\t\t\t\t\t\t\t\t\t<img decoding=\"async\" width=\"564\" height=\"1014\" src=\"https:\/\/fundicaoherculano.com.br\/wp-content\/uploads\/2023\/07\/grap.jpg\" class=\"attachment-large size-large wp-image-1275\" alt=\"\" loading=\"lazy\" srcset=\"https:\/\/fundicaoherculano.com.br\/wp-content\/uploads\/2023\/07\/grap.jpg 564w, https:\/\/fundicaoherculano.com.br\/wp-content\/uploads\/2023\/07\/grap-167x300.jpg 167w\" sizes=\"(max-width: 564px) 100vw, 564px\" \/>\t\t\t\t\t\t\t\t\t\t\t<figcaption class=\"widget-image-caption wp-caption-text\">2. M\u00e1quinas para Gr\u00e3os<\/figcaption>\n\t\t\t\t\t\t\t\t\t\t<\/figure>\n\t\t\t\t\t\t\t\t\t<\/div>\n\t\t\t\t<\/div>\n\t\t\t\t<\/div>\n\t\t<div class=\"elementor-element elementor-element-209e984 e-con-full e-flex e-con\" data-id=\"209e984\" data-element_type=\"container\" data-settings=\"{&quot;content_width&quot;:&quot;full&quot;}\">\n\t\t\t\t<div class=\"elementor-element elementor-element-d8e1dbd elementor-widget elementor-widget-image\" data-id=\"d8e1dbd\" data-element_type=\"widget\" data-widget_type=\"image.default\">\n\t\t\t\t<div class=\"elementor-widget-container\">\n\t\t\t\t\t\t\t\t\t\t\t\t<figure class=\"wp-caption\">\n\t\t\t\t\t\t\t\t\t\t<img decoding=\"async\" width=\"564\" height=\"1014\" src=\"https:\/\/fundicaoherculano.com.br\/wp-content\/uploads\/2023\/07\/ds.jpg\" class=\"attachment-large size-large wp-image-1078\" alt=\"\" loading=\"lazy\" srcset=\"https:\/\/fundicaoherculano.com.br\/wp-content\/uploads\/2023\/07\/ds.jpg 564w, https:\/\/fundicaoherculano.com.br\/wp-content\/uploads\/2023\/07\/ds-167x300.jpg 167w\" sizes=\"(max-width: 564px) 100vw, 564px\" \/>\t\t\t\t\t\t\t\t\t\t\t<figcaption class=\"widget-image-caption wp-caption-text\">3. M\u00e1quinas para Arame<\/figcaption>\n\t\t\t\t\t\t\t\t\t\t<\/figure>\n\t\t\t\t\t\t\t\t\t<\/div>\n\t\t\t\t<\/div>\n\t\t\t\t<\/div>\n\t\t<div class=\"elementor-element elementor-element-a79838b e-con-full e-flex e-con\" data-id=\"a79838b\" data-element_type=\"container\" data-settings=\"{&quot;content_width&quot;:&quot;full&quot;}\">\n\t\t\t\t<div class=\"elementor-element elementor-element-737f7a1 elementor-widget elementor-widget-image\" data-id=\"737f7a1\" data-element_type=\"widget\" data-widget_type=\"image.default\">\n\t\t\t\t<div class=\"elementor-widget-container\">\n\t\t\t\t\t\t\t\t\t\t\t\t<figure class=\"wp-caption\">\n\t\t\t\t\t\t\t\t\t\t<img decoding=\"async\" width=\"564\" height=\"1014\" src=\"https:\/\/fundicaoherculano.com.br\/wp-content\/uploads\/2023\/07\/esta.jpg\" class=\"attachment-large size-large wp-image-1309\" alt=\"\" loading=\"lazy\" srcset=\"https:\/\/fundicaoherculano.com.br\/wp-content\/uploads\/2023\/07\/esta.jpg 564w, https:\/\/fundicaoherculano.com.br\/wp-content\/uploads\/2023\/07\/esta-167x300.jpg 167w\" sizes=\"(max-width: 564px) 100vw, 564px\" \/>\t\t\t\t\t\t\t\t\t\t\t<figcaption class=\"widget-image-caption wp-caption-text\">4. Usinas Destilaria<\/figcaption>\n\t\t\t\t\t\t\t\t\t\t<\/figure>\n\t\t\t\t\t\t\t\t\t<\/div>\n\t\t\t\t<\/div>\n\t\t\t\t<\/div>\n\t\t\t\t\t<\/div>\n\t\t\t\t<\/div>\n\t\t<div class=\"elementor-element elementor-element-5d85852 e-flex e-con-boxed e-con\" data-id=\"5d85852\" data-element_type=\"container\" data-settings=\"{&quot;content_width&quot;:&quot;boxed&quot;}\">\n\t\t\t\t\t<div class=\"e-con-inner\">\n\t\t\t\t<div class=\"elementor-element elementor-element-f1d5459 elementor-widget elementor-widget-text-editor\" data-id=\"f1d5459\" data-element_type=\"widget\" data-widget_type=\"text-editor.default\">\n\t\t\t\t<div class=\"elementor-widget-container\">\n\t\t\t\t\t\t\t<div class=\"flex-1 overflow-hidden\"><div class=\"react-scroll-to-bottom--css-flbmd-79elbk h-full dark:bg-gray-800\"><div class=\"react-scroll-to-bottom--css-flbmd-1n7m0yu\"><div class=\"flex flex-col text-sm dark:bg-gray-800\"><div class=\"group w-full text-gray-800 dark:text-gray-100 border-b border-black\/10 dark:border-gray-900\/50 bg-gray-50 dark:bg-[#444654]\"><div class=\"flex p-4 gap-4 text-base md:gap-6 md:max-w-2xl lg:max-w-[38rem] xl:max-w-3xl md:py-6 lg:px-0 m-auto\"><div class=\"relative flex w-[calc(100%-50px)] flex-col gap-1 md:gap-3 lg:w-[calc(100%-115px)]\"><div class=\"flex flex-grow flex-col gap-3\"><div class=\"min-h-[20px] flex items-start overflow-x-auto whitespace-pre-wrap break-words flex-col gap-4\"><div class=\"markdown prose w-full break-words dark:prose-invert light\"><p>\u00a0 \u00a0 Descubra o poder da personaliza\u00e7\u00e3o com a nossa variedade de produtos sob medida. Na nossa fundi\u00e7\u00e3o, oferecemos a voc\u00ea a oportunidade de solicitar produtos customizados de acordo com as suas necessidades e prefer\u00eancias.\u00a0 \u00a0Com um processo de produ\u00e7\u00e3o flex\u00edvel e equipe especializada, podemos criar pe\u00e7as \u00fanicas e exclusivas para atender \u00e0s suas especifica\u00e7\u00f5es.<\/p><p>\u00a0 \u00a0 Desde pe\u00e7as de metal intricadas at\u00e9 componentes robustos, nossa fundi\u00e7\u00e3o est\u00e1 pronta para transformar suas ideias em realidade. Trabalhamos em estreita colabora\u00e7\u00e3o com cada cliente, garantindo que cada detalhe seja levado em considera\u00e7\u00e3o. Seja um design complexo, um tamanho personalizado ou caracter\u00edsticas espec\u00edficas, estamos prontos para realizar o seu projeto.<\/p><p>\u00a0 \u00a0 Nossos profissionais experientes ir\u00e3o orient\u00e1-lo durante todo o processo, desde a concep\u00e7\u00e3o at\u00e9 a entrega do produto final. Utilizamos tecnologia avan\u00e7ada e materiais de alta qualidade para garantir a durabilidade e a precis\u00e3o de cada pe\u00e7a fabricada. Sua satisfa\u00e7\u00e3o \u00e9 nossa prioridade, e estamos comprometidos em superar suas expectativas.<\/p><p>\u00a0 \u00a0 Experimente a liberdade de ter produtos personalizados que atendam perfeitamente \u00e0s suas necessidades. Entre em contato conosco hoje mesmo e descubra como nossa fundi\u00e7\u00e3o pode ajudar a transformar suas ideias em pe\u00e7as concretas e funcionais. Estamos ansiosos para colaborar com voc\u00ea e fornecer solu\u00e7\u00f5es sob medida que atendam \u00e0s suas demandas espec\u00edficas.<\/p><\/div><\/div><\/div><\/div><\/div><\/div><div class=\"h-32 md:h-48 flex-shrink-0\">\u00a0<\/div><\/div><p>\u00a0<\/p><\/div><\/div><\/div><div class=\"absolute bottom-0 left-0 w-full border-t md:border-t-0 dark:border-white\/20 md:border-transparent md:dark:border-transparent md:bg-vert-light-gradient bg-white dark:bg-gray-800 md:!bg-transparent dark:md:bg-vert-dark-gradient pt-2 md:pl-2 md:w-[calc(100%-.5rem)]\"><form class=\"stretch mx-2 flex flex-row gap-3 last:mb-2 md:mx-4 md:last:mb-6 lg:mx-auto lg:max-w-2xl xl:max-w-3xl\"><div class=\"relative flex h-full flex-1 items-stretch md:flex-col\" role=\"presentation\"><div class=\"\"><div class=\"h-full flex ml-1 md:w-full md:m-auto md:mb-2 gap-0 md:gap-2 justify-center\">\u00a0<\/div><\/div><\/div><\/form><\/div>\t\t\t\t\t\t<\/div>\n\t\t\t\t<\/div>\n\t\t\t\t\t<\/div>\n\t\t\t\t<\/div>\n\t\t\t\t\t\t\t<\/div>\n\t\t","protected":false},"excerpt":{"rendered":"<p>Nossos Servi\u00e7os: 1. M\u00e1quinas para Caf\u00e9.2. M\u00e1quinas para Gr\u00e3os.3. M\u00e1quinas para Arames.4. Usinas Destilarias. 1. M\u00e1quinas para Caf\u00e9 2. M\u00e1quinas para Gr\u00e3os 3. M\u00e1quinas para Arame 4. Usinas Destilaria \u00a0 \u00a0 Descubra o poder da personaliza\u00e7\u00e3o com a nossa variedade de produtos sob medida. Na nossa fundi\u00e7\u00e3o, oferecemos a voc\u00ea a oportunidade de solicitar produtos [&hellip;]<\/p>\n","protected":false},"author":1,"featured_media":0,"parent":0,"menu_order":0,"comment_status":"closed","ping_status":"closed","template":"","meta":[],"yoast_head":"<!-- This site is optimized with the Yoast SEO plugin v20.10 - https:\/\/yoast.com\/wordpress\/plugins\/seo\/ -->\n<title>Produtos - Fundi\u00e7\u00e3o Herculano<\/title>\n<meta name=\"robots\" content=\"index, follow, max-snippet:-1, max-image-preview:large, max-video-preview:-1\" \/>\n<link rel=\"canonical\" href=\"https:\/\/fundicaoherculano.com.br\/index.php\/nossos-produtos\/\" \/>\n<meta property=\"og:locale\" content=\"en_US\" \/>\n<meta property=\"og:type\" content=\"article\" \/>\n<meta property=\"og:title\" content=\"Produtos - Fundi\u00e7\u00e3o Herculano\" \/>\n<meta property=\"og:description\" content=\"Nossos Servi\u00e7os: 1. M\u00e1quinas para Caf\u00e9.2. M\u00e1quinas para Gr\u00e3os.3. M\u00e1quinas para Arames.4. Usinas Destilarias. 1. M\u00e1quinas para Caf\u00e9 2. M\u00e1quinas para Gr\u00e3os 3. M\u00e1quinas para Arame 4. Usinas Destilaria \u00a0 \u00a0 Descubra o poder da personaliza\u00e7\u00e3o com a nossa variedade de produtos sob medida. Na nossa fundi\u00e7\u00e3o, oferecemos a voc\u00ea a oportunidade de solicitar produtos [&hellip;]\" \/>\n<meta property=\"og:url\" content=\"https:\/\/fundicaoherculano.com.br\/index.php\/nossos-produtos\/\" \/>\n<meta property=\"og:site_name\" content=\"Fundi\u00e7\u00e3o Herculano\" \/>\n<meta property=\"article:modified_time\" content=\"2023-07-10T19:23:53+00:00\" \/>\n<meta property=\"og:image\" content=\"https:\/\/fundicaoherculano.com.br\/wp-content\/uploads\/2023\/07\/cs.jpg\" \/>\n<meta name=\"twitter:card\" content=\"summary_large_image\" \/>\n<meta name=\"twitter:label1\" content=\"Est. reading time\" \/>\n\t<meta name=\"twitter:data1\" content=\"3 minutes\" \/>\n<script type=\"application\/ld+json\" class=\"yoast-schema-graph\">{\"@context\":\"https:\/\/schema.org\",\"@graph\":[{\"@type\":\"WebPage\",\"@id\":\"https:\/\/fundicaoherculano.com.br\/index.php\/nossos-produtos\/\",\"url\":\"https:\/\/fundicaoherculano.com.br\/index.php\/nossos-produtos\/\",\"name\":\"Produtos - Fundi\u00e7\u00e3o Herculano\",\"isPartOf\":{\"@id\":\"https:\/\/fundicaoherculano.com.br\/#website\"},\"datePublished\":\"2023-06-30T23:28:43+00:00\",\"dateModified\":\"2023-07-10T19:23:53+00:00\",\"breadcrumb\":{\"@id\":\"https:\/\/fundicaoherculano.com.br\/index.php\/nossos-produtos\/#breadcrumb\"},\"inLanguage\":\"en-US\",\"potentialAction\":[{\"@type\":\"ReadAction\",\"target\":[\"https:\/\/fundicaoherculano.com.br\/index.php\/nossos-produtos\/\"]}]},{\"@type\":\"BreadcrumbList\",\"@id\":\"https:\/\/fundicaoherculano.com.br\/index.php\/nossos-produtos\/#breadcrumb\",\"itemListElement\":[{\"@type\":\"ListItem\",\"position\":1,\"name\":\"In\u00edcio\",\"item\":\"https:\/\/fundicaoherculano.com.br\/\"},{\"@type\":\"ListItem\",\"position\":2,\"name\":\"Produtos\"}]},{\"@type\":\"WebSite\",\"@id\":\"https:\/\/fundicaoherculano.com.br\/#website\",\"url\":\"https:\/\/fundicaoherculano.com.br\/\",\"name\":\"Fundi\u00e7\u00e3o Herculano\",\"description\":\"\",\"publisher\":{\"@id\":\"https:\/\/fundicaoherculano.com.br\/#organization\"},\"potentialAction\":[{\"@type\":\"SearchAction\",\"target\":{\"@type\":\"EntryPoint\",\"urlTemplate\":\"https:\/\/fundicaoherculano.com.br\/?s={search_term_string}\"},\"query-input\":\"required name=search_term_string\"}],\"inLanguage\":\"en-US\"},{\"@type\":\"Organization\",\"@id\":\"https:\/\/fundicaoherculano.com.br\/#organization\",\"name\":\"Fundi\u00e7\u00e3o Herculano\",\"url\":\"https:\/\/fundicaoherculano.com.br\/\",\"logo\":{\"@type\":\"ImageObject\",\"inLanguage\":\"en-US\",\"@id\":\"https:\/\/fundicaoherculano.com.br\/#\/schema\/logo\/image\/\",\"url\":\"https:\/\/fundicaoherculano.com.br\/wp-content\/uploads\/2023\/06\/cropped-Captura-de-tela-2023-06-18-182745-1.png\",\"contentUrl\":\"https:\/\/fundicaoherculano.com.br\/wp-content\/uploads\/2023\/06\/cropped-Captura-de-tela-2023-06-18-182745-1.png\",\"width\":1187,\"height\":528,\"caption\":\"Fundi\u00e7\u00e3o Herculano\"},\"image\":{\"@id\":\"https:\/\/fundicaoherculano.com.br\/#\/schema\/logo\/image\/\"}}]}<\/script>\n<!-- \/ Yoast SEO plugin. -->","yoast_head_json":{"title":"Produtos - Fundi\u00e7\u00e3o Herculano","robots":{"index":"index","follow":"follow","max-snippet":"max-snippet:-1","max-image-preview":"max-image-preview:large","max-video-preview":"max-video-preview:-1"},"canonical":"https:\/\/fundicaoherculano.com.br\/index.php\/nossos-produtos\/","og_locale":"en_US","og_type":"article","og_title":"Produtos - Fundi\u00e7\u00e3o Herculano","og_description":"Nossos Servi\u00e7os: 1. M\u00e1quinas para Caf\u00e9.2. M\u00e1quinas para Gr\u00e3os.3. M\u00e1quinas para Arames.4. Usinas Destilarias. 1. M\u00e1quinas para Caf\u00e9 2. M\u00e1quinas para Gr\u00e3os 3. M\u00e1quinas para Arame 4. Usinas Destilaria \u00a0 \u00a0 Descubra o poder da personaliza\u00e7\u00e3o com a nossa variedade de produtos sob medida. Na nossa fundi\u00e7\u00e3o, oferecemos a voc\u00ea a oportunidade de solicitar produtos [&hellip;]","og_url":"https:\/\/fundicaoherculano.com.br\/index.php\/nossos-produtos\/","og_site_name":"Fundi\u00e7\u00e3o Herculano","article_modified_time":"2023-07-10T19:23:53+00:00","og_image":[{"url":"https:\/\/fundicaoherculano.com.br\/wp-content\/uploads\/2023\/07\/cs.jpg"}],"twitter_card":"summary_large_image","twitter_misc":{"Est. reading time":"3 minutes"},"schema":{"@context":"https:\/\/schema.org","@graph":[{"@type":"WebPage","@id":"https:\/\/fundicaoherculano.com.br\/index.php\/nossos-produtos\/","url":"https:\/\/fundicaoherculano.com.br\/index.php\/nossos-produtos\/","name":"Produtos - Fundi\u00e7\u00e3o Herculano","isPartOf":{"@id":"https:\/\/fundicaoherculano.com.br\/#website"},"datePublished":"2023-06-30T23:28:43+00:00","dateModified":"2023-07-10T19:23:53+00:00","breadcrumb":{"@id":"https:\/\/fundicaoherculano.com.br\/index.php\/nossos-produtos\/#breadcrumb"},"inLanguage":"en-US","potentialAction":[{"@type":"ReadAction","target":["https:\/\/fundicaoherculano.com.br\/index.php\/nossos-produtos\/"]}]},{"@type":"BreadcrumbList","@id":"https:\/\/fundicaoherculano.com.br\/index.php\/nossos-produtos\/#breadcrumb","itemListElement":[{"@type":"ListItem","position":1,"name":"In\u00edcio","item":"https:\/\/fundicaoherculano.com.br\/"},{"@type":"ListItem","position":2,"name":"Produtos"}]},{"@type":"WebSite","@id":"https:\/\/fundicaoherculano.com.br\/#website","url":"https:\/\/fundicaoherculano.com.br\/","name":"Fundi\u00e7\u00e3o Herculano","description":"","publisher":{"@id":"https:\/\/fundicaoherculano.com.br\/#organization"},"potentialAction":[{"@type":"SearchAction","target":{"@type":"EntryPoint","urlTemplate":"https:\/\/fundicaoherculano.com.br\/?s={search_term_string}"},"query-input":"required name=search_term_string"}],"inLanguage":"en-US"},{"@type":"Organization","@id":"https:\/\/fundicaoherculano.com.br\/#organization","name":"Fundi\u00e7\u00e3o Herculano","url":"https:\/\/fundicaoherculano.com.br\/","logo":{"@type":"ImageObject","inLanguage":"en-US","@id":"https:\/\/fundicaoherculano.com.br\/#\/schema\/logo\/image\/","url":"https:\/\/fundicaoherculano.com.br\/wp-content\/uploads\/2023\/06\/cropped-Captura-de-tela-2023-06-18-182745-1.png","contentUrl":"https:\/\/fundicaoherculano.com.br\/wp-content\/uploads\/2023\/06\/cropped-Captura-de-tela-2023-06-18-182745-1.png","width":1187,"height":528,"caption":"Fundi\u00e7\u00e3o Herculano"},"image":{"@id":"https:\/\/fundicaoherculano.com.br\/#\/schema\/logo\/image\/"}}]}},"_links":{"self":[{"href":"https:\/\/fundicaoherculano.com.br\/index.php\/wp-json\/wp\/v2\/pages\/593"}],"collection":[{"href":"https:\/\/fundicaoherculano.com.br\/index.php\/wp-json\/wp\/v2\/pages"}],"about":[{"href":"https:\/\/fundicaoherculano.com.br\/index.php\/wp-json\/wp\/v2\/types\/page"}],"author":[{"embeddable":true,"href":"https:\/\/fundicaoherculano.com.br\/index.php\/wp-json\/wp\/v2\/users\/1"}],"replies":[{"embeddable":true,"href":"https:\/\/fundicaoherculano.com.br\/index.php\/wp-json\/wp\/v2\/comments?post=593"}],"version-history":[{"count":67,"href":"https:\/\/fundicaoherculano.com.br\/index.php\/wp-json\/wp\/v2\/pages\/593\/revisions"}],"predecessor-version":[{"id":1312,"href":"https:\/\/fundicaoherculano.com.br\/index.php\/wp-json\/wp\/v2\/pages\/593\/revisions\/1312"}],"wp:attachment":[{"href":"https:\/\/fundicaoherculano.com.br\/index.php\/wp-json\/wp\/v2\/media?parent=593"}],"curies":[{"name":"wp","href":"https:\/\/api.w.org\/{rel}","templated":true}]}}